{"id":18297,"date":"2023-01-16T15:05:35","date_gmt":"2023-01-16T15:05:35","guid":{"rendered":"https:\/\/bgts.com\/gizlilik-politikasi\/"},"modified":"2026-02-11T13:55:03","modified_gmt":"2026-02-11T13:55:03","slug":"gizlilik-politikasi","status":"publish","type":"page","link":"https:\/\/bgts.com\/tr\/gizlilik-politikasi\/","title":{"rendered":"Gizlilik Politikas\u0131"},"content":{"rendered":"\t\t<div data-elementor-type=\"wp-page\" data-elementor-id=\"18297\" class=\"elementor elementor-18297 elementor-11060\" data-elementor-post-type=\"page\">\n\t\t\t\t\t\t<section class=\"elementor-section elementor-top-section elementor-element elementor-element-25434705 elementor-section-full_width elementor-section-height-default elementor-section-height-default\" data-id=\"25434705\" data-element_type=\"section\" data-e-type=\"section\" data-settings=\"{&quot;jet_parallax_layout_list&quot;:[]}\">\n\t\t\t\t\t\t<div class=\"elementor-container elementor-column-gap-default\">\n\t\t\t\t\t<div class=\"elementor-column elementor-col-100 elementor-top-column elementor-element elementor-element-5aa2d5b3\" data-id=\"5aa2d5b3\" data-element_type=\"column\" data-e-type=\"column\">\n\t\t\t<div class=\"elementor-widget-wrap elementor-element-populated\">\n\t\t\t\t\t\t<div class=\"elementor-element elementor-element-4bb4e95 elementor-widget elementor-widget-text-editor\" data-id=\"4bb4e95\" data-element_type=\"widget\" data-e-type=\"widget\" data-widget_type=\"text-editor.default\">\n\t\t\t\t<div class=\"elementor-widget-container\">\n\t\t\t\t\t\t\t\t\t<h3><strong>G\u0130ZL\u0130L\u0130K POL\u0130T\u0130KASI<\/strong><\/h3>\n<p class=\"py-4\">Toplanan verilerle ilgili d\u00fczenlemelere internet sitemizde yer alan&nbsp;<a href=\"https:\/\/bgts.com\/tr\/cerez-politikasi\/\">\u00c7erez Politikas\u0131<\/a>&#8216;ndan ula\u015fabilirsiniz.<\/p>\n<ul>\n<li><strong>BGTS<\/strong>&nbsp;taraf\u0131ndan ger\u00e7ekle\u015ftirilecek \u00e7al\u0131\u015fma s\u0131ras\u0131nda s\u00f6zl\u00fc, yaz\u0131l\u0131 veya dijital ortamda toplanan veya herhangi bir \u015fekilde edinilen, kullan\u0131c\u0131lara ait ad, soyad vb. gibi t\u00fcm ki\u015fisel bilgi ve i\u00e7erikler Gizli Bilgi (k\u0131saca Bilgi) tan\u0131m\u0131na girmektedir.<\/li>\n<li>Kat\u0131l\u0131mc\u0131lardan temin edilen bilgiler sadece&nbsp;<strong>BGTS<\/strong>\u2019\u0131n ileti\u015fim ve pazarlama faaliyetleri kapsam\u0131nda kullan\u0131lacakt\u0131r.<\/li>\n<li>Bilgiler, y\u00fcksek g\u00fcvenlik ve gizlilik standartlar\u0131yla korunmakta; kullan\u0131c\u0131 bilgilerine yetkisiz eri\u015fimlerin engellenmesi i\u00e7in gerekli her t\u00fcrl\u00fc g\u00fcvenlik \u00f6nlemi al\u0131nmaktad\u0131r.<\/li>\n<li>Web sitesi arac\u0131l\u0131\u011f\u0131yla kullan\u0131c\u0131lardan al\u0131nan ad, soyad, vb. bilgiler,&nbsp;<strong>BGTS<\/strong>&nbsp;taraf\u0131ndan al\u0131nmaktad\u0131r ve a\u015fa\u011f\u0131daki durumlar haricinde \u00fc\u00e7\u00fcnc\u00fc ki\u015filere a\u00e7\u0131klanmayacakt\u0131r;\n<ol>\n<li>Kanun, Kanun H\u00fckm\u00fcnde Kararname, Y\u00f6netmelik vb. yetkili hukuki otorite taraf\u0131ndan \u00e7\u0131kar\u0131lan ve y\u00fcr\u00fcrl\u00fckte olan hukuk kurallar\u0131n\u0131n getirdi\u011fi zorunluluklara uyulmas\u0131,<\/li>\n<li>Yetkili idari ve adli otorite taraf\u0131ndan y\u00fcr\u00fct\u00fclen bir ara\u015ft\u0131rma veya soru\u015fturman\u0131n amac\u0131yla kullan\u0131c\u0131larla ilgili bilgi talep edilmesi,<\/li>\n<li>Kanunen yetkili bulunan kurum ve kurulu\u015flarca talep edilmesi durumunda, bu bilgiler yetkililere iletilecektir.<\/li>\n<\/ol>\n<\/li>\n<\/ul>\t\t\t\t\t\t\t\t<\/div>\n\t\t\t\t<\/div>\n\t\t\t\t\t<\/div>\n\t\t<\/div>\n\t\t\t\t\t<\/div>\n\t\t<\/section>\n\t\t\t\t<\/div>\n\t\t","protected":false},"excerpt":{"rendered":"<p>G\u0130ZL\u0130L\u0130K POL\u0130T\u0130KASI Toplanan verilerle ilgili d\u00fczenlemelere internet sitemizde yer alan&nbsp;\u00c7erez Politikas\u0131&#8216;ndan ula\u015fabilirsiniz. BGTS&nbsp;taraf\u0131ndan ger\u00e7ekle\u015ftirilecek \u00e7al\u0131\u015fma s\u0131ras\u0131nda s\u00f6zl\u00fc, yaz\u0131l\u0131 veya dijital ortamda toplanan veya herhangi bir \u015fekilde edinilen, kullan\u0131c\u0131lara ait ad, soyad vb. gibi t\u00fcm ki\u015fisel bilgi ve i\u00e7erikler Gizli Bilgi (k\u0131saca Bilgi) tan\u0131m\u0131na girmektedir. Kat\u0131l\u0131mc\u0131lardan temin edilen bilgiler sadece&nbsp;BGTS\u2019\u0131n ileti\u015fim ve pazarlama faaliyetleri kapsam\u0131nda kullan\u0131lacakt\u0131r. [&hellip;]<\/p>\n","protected":false},"author":1,"featured_media":17261,"parent":0,"menu_order":0,"comment_status":"closed","ping_status":"closed","template":"page-full-width-tr.php","meta":{"footnotes":""},"class_list":["post-18297","page","type-page","status-publish","has-post-thumbnail","hentry"],"yoast_head":"<!-- This site is optimized with the Yoast SEO Premium plugin v26.9 (Yoast SEO v27.4) - https:\/\/yoast.com\/product\/yoast-seo-premium-wordpress\/ -->\n<title>Gizlilik Politikas\u0131 | BGTS<\/title>\n<meta name=\"description\" content=\"Learn how BGTS collects, uses, protects your personal data. Review our practices to understand your rights and data security measures.\" \/>\n<meta name=\"robots\" content=\"index, follow, max-snippet:-1, max-image-preview:large, max-video-preview:-1\" \/>\n<link rel=\"canonical\" href=\"https:\/\/bgts.com\/privacy-policy\/\" \/>\n<meta property=\"og:locale\" content=\"tr_TR\" \/>\n<meta property=\"og:type\" content=\"article\" \/>\n<meta property=\"og:title\" content=\"Gizlilik Politikas\u0131\" \/>\n<meta property=\"og:description\" content=\"Learn how BGTS collects, uses, protects your personal data. Review our practices to understand your rights and data security measures.\" \/>\n<meta property=\"og:url\" content=\"https:\/\/bgts.com\/privacy-policy\/\" \/>\n<meta property=\"og:site_name\" content=\"BGTS\" \/>\n<meta property=\"article:modified_time\" content=\"2026-02-11T13:55:03+00:00\" \/>\n<meta property=\"og:image\" content=\"https:\/\/bgts.com\/wp-content\/uploads\/2025\/01\/bgts-open-graph.jpg\" \/>\n\t<meta property=\"og:image:width\" content=\"1200\" \/>\n\t<meta property=\"og:image:height\" content=\"630\" \/>\n\t<meta property=\"og:image:type\" content=\"image\/jpeg\" \/>\n<meta name=\"twitter:card\" content=\"summary_large_image\" \/>\n<meta name=\"twitter:label1\" content=\"Tahmini okuma s\u00fcresi\" \/>\n\t<meta name=\"twitter:data1\" content=\"1 dakika\" \/>\n<script type=\"application\/ld+json\" class=\"yoast-schema-graph\">{\"@context\":\"https:\\\/\\\/schema.org\",\"@graph\":[{\"@type\":\"WebPage\",\"@id\":\"https:\\\/\\\/bgts.com\\\/privacy-policy\\\/\",\"url\":\"https:\\\/\\\/bgts.com\\\/privacy-policy\\\/\",\"name\":\"Gizlilik Politikas\u0131 | BGTS\",\"isPartOf\":{\"@id\":\"https:\\\/\\\/bgts.com\\\/#website\"},\"primaryImageOfPage\":{\"@id\":\"https:\\\/\\\/bgts.com\\\/privacy-policy\\\/#primaryimage\"},\"image\":{\"@id\":\"https:\\\/\\\/bgts.com\\\/privacy-policy\\\/#primaryimage\"},\"thumbnailUrl\":\"https:\\\/\\\/bgts.com\\\/wp-content\\\/uploads\\\/2025\\\/01\\\/bgts-open-graph.jpg\",\"datePublished\":\"2023-01-16T15:05:35+00:00\",\"dateModified\":\"2026-02-11T13:55:03+00:00\",\"description\":\"Learn how BGTS collects, uses, protects your personal data. Review our practices to understand your rights and data security measures.\",\"breadcrumb\":{\"@id\":\"https:\\\/\\\/bgts.com\\\/privacy-policy\\\/#breadcrumb\"},\"inLanguage\":\"tr\",\"potentialAction\":[{\"@type\":\"ReadAction\",\"target\":[\"https:\\\/\\\/bgts.com\\\/privacy-policy\\\/\"]}]},{\"@type\":\"ImageObject\",\"inLanguage\":\"tr\",\"@id\":\"https:\\\/\\\/bgts.com\\\/privacy-policy\\\/#primaryimage\",\"url\":\"https:\\\/\\\/bgts.com\\\/wp-content\\\/uploads\\\/2025\\\/01\\\/bgts-open-graph.jpg\",\"contentUrl\":\"https:\\\/\\\/bgts.com\\\/wp-content\\\/uploads\\\/2025\\\/01\\\/bgts-open-graph.jpg\",\"width\":1200,\"height\":630},{\"@type\":\"BreadcrumbList\",\"@id\":\"https:\\\/\\\/bgts.com\\\/privacy-policy\\\/#breadcrumb\",\"itemListElement\":[{\"@type\":\"ListItem\",\"position\":1,\"name\":\"Anasayfa\",\"item\":\"https:\\\/\\\/bgts.com\\\/\"},{\"@type\":\"ListItem\",\"position\":2,\"name\":\"Gizlilik Politikas\u0131\"}]},{\"@type\":\"WebSite\",\"@id\":\"https:\\\/\\\/bgts.com\\\/#website\",\"url\":\"https:\\\/\\\/bgts.com\\\/\",\"name\":\"BGTS\",\"description\":\"Technology Solutions with Expert Engineering\",\"publisher\":{\"@id\":\"https:\\\/\\\/bgts.com\\\/#organization\"},\"potentialAction\":[{\"@type\":\"SearchAction\",\"target\":{\"@type\":\"EntryPoint\",\"urlTemplate\":\"https:\\\/\\\/bgts.com\\\/?s={search_term_string}\"},\"query-input\":{\"@type\":\"PropertyValueSpecification\",\"valueRequired\":true,\"valueName\":\"search_term_string\"}}],\"inLanguage\":\"tr\"},{\"@type\":\"Organization\",\"@id\":\"https:\\\/\\\/bgts.com\\\/#organization\",\"name\":\"BGTS\",\"alternateName\":\"Bilgeadam Technologies\",\"url\":\"https:\\\/\\\/bgts.com\\\/\",\"logo\":{\"@type\":\"ImageObject\",\"inLanguage\":\"tr\",\"@id\":\"https:\\\/\\\/bgts.com\\\/#\\\/schema\\\/logo\\\/image\\\/\",\"url\":\"https:\\\/\\\/bgts.com\\\/wp-content\\\/uploads\\\/2025\\\/03\\\/BGTS_wText_colour-reversed_RGB.png\",\"contentUrl\":\"https:\\\/\\\/bgts.com\\\/wp-content\\\/uploads\\\/2025\\\/03\\\/BGTS_wText_colour-reversed_RGB.png\",\"width\":1143,\"height\":358,\"caption\":\"BGTS\"},\"image\":{\"@id\":\"https:\\\/\\\/bgts.com\\\/#\\\/schema\\\/logo\\\/image\\\/\"},\"sameAs\":[\"https:\\\/\\\/www.linkedin.com\\\/company\\\/bilge-adam-technologies\\\/\"],\"description\":\"With 25+ years of experience and 1,800+ IT experts, BGTS offers innovative IT services, nearshore development, and consultancy to global markets, including the UK, Netherlands, and Germany.\",\"email\":\"info-uk@bgts.com\",\"foundingDate\":\"1997-08-15\",\"numberOfEmployees\":{\"@type\":\"QuantitativeValue\",\"minValue\":\"201\",\"maxValue\":\"500\"}}]}<\/script>\n<!-- \/ Yoast SEO Premium plugin. -->","yoast_head_json":{"title":"Gizlilik Politikas\u0131 | BGTS","description":"Learn how BGTS collects, uses, protects your personal data. Review our practices to understand your rights and data security measures.","robots":{"index":"index","follow":"follow","max-snippet":"max-snippet:-1","max-image-preview":"max-image-preview:large","max-video-preview":"max-video-preview:-1"},"canonical":"https:\/\/bgts.com\/privacy-policy\/","og_locale":"tr_TR","og_type":"article","og_title":"Gizlilik Politikas\u0131","og_description":"Learn how BGTS collects, uses, protects your personal data. Review our practices to understand your rights and data security measures.","og_url":"https:\/\/bgts.com\/privacy-policy\/","og_site_name":"BGTS","article_modified_time":"2026-02-11T13:55:03+00:00","og_image":[{"width":1200,"height":630,"url":"https:\/\/bgts.com\/wp-content\/uploads\/2025\/01\/bgts-open-graph.jpg","type":"image\/jpeg"}],"twitter_card":"summary_large_image","twitter_misc":{"Tahmini okuma s\u00fcresi":"1 dakika"},"schema":{"@context":"https:\/\/schema.org","@graph":[{"@type":"WebPage","@id":"https:\/\/bgts.com\/privacy-policy\/","url":"https:\/\/bgts.com\/privacy-policy\/","name":"Gizlilik Politikas\u0131 | BGTS","isPartOf":{"@id":"https:\/\/bgts.com\/#website"},"primaryImageOfPage":{"@id":"https:\/\/bgts.com\/privacy-policy\/#primaryimage"},"image":{"@id":"https:\/\/bgts.com\/privacy-policy\/#primaryimage"},"thumbnailUrl":"https:\/\/bgts.com\/wp-content\/uploads\/2025\/01\/bgts-open-graph.jpg","datePublished":"2023-01-16T15:05:35+00:00","dateModified":"2026-02-11T13:55:03+00:00","description":"Learn how BGTS collects, uses, protects your personal data. Review our practices to understand your rights and data security measures.","breadcrumb":{"@id":"https:\/\/bgts.com\/privacy-policy\/#breadcrumb"},"inLanguage":"tr","potentialAction":[{"@type":"ReadAction","target":["https:\/\/bgts.com\/privacy-policy\/"]}]},{"@type":"ImageObject","inLanguage":"tr","@id":"https:\/\/bgts.com\/privacy-policy\/#primaryimage","url":"https:\/\/bgts.com\/wp-content\/uploads\/2025\/01\/bgts-open-graph.jpg","contentUrl":"https:\/\/bgts.com\/wp-content\/uploads\/2025\/01\/bgts-open-graph.jpg","width":1200,"height":630},{"@type":"BreadcrumbList","@id":"https:\/\/bgts.com\/privacy-policy\/#breadcrumb","itemListElement":[{"@type":"ListItem","position":1,"name":"Anasayfa","item":"https:\/\/bgts.com\/"},{"@type":"ListItem","position":2,"name":"Gizlilik Politikas\u0131"}]},{"@type":"WebSite","@id":"https:\/\/bgts.com\/#website","url":"https:\/\/bgts.com\/","name":"BGTS","description":"Technology Solutions with Expert Engineering","publisher":{"@id":"https:\/\/bgts.com\/#organization"},"potentialAction":[{"@type":"SearchAction","target":{"@type":"EntryPoint","urlTemplate":"https:\/\/bgts.com\/?s={search_term_string}"},"query-input":{"@type":"PropertyValueSpecification","valueRequired":true,"valueName":"search_term_string"}}],"inLanguage":"tr"},{"@type":"Organization","@id":"https:\/\/bgts.com\/#organization","name":"BGTS","alternateName":"Bilgeadam Technologies","url":"https:\/\/bgts.com\/","logo":{"@type":"ImageObject","inLanguage":"tr","@id":"https:\/\/bgts.com\/#\/schema\/logo\/image\/","url":"https:\/\/bgts.com\/wp-content\/uploads\/2025\/03\/BGTS_wText_colour-reversed_RGB.png","contentUrl":"https:\/\/bgts.com\/wp-content\/uploads\/2025\/03\/BGTS_wText_colour-reversed_RGB.png","width":1143,"height":358,"caption":"BGTS"},"image":{"@id":"https:\/\/bgts.com\/#\/schema\/logo\/image\/"},"sameAs":["https:\/\/www.linkedin.com\/company\/bilge-adam-technologies\/"],"description":"With 25+ years of experience and 1,800+ IT experts, BGTS offers innovative IT services, nearshore development, and consultancy to global markets, including the UK, Netherlands, and Germany.","email":"info-uk@bgts.com","foundingDate":"1997-08-15","numberOfEmployees":{"@type":"QuantitativeValue","minValue":"201","maxValue":"500"}}]}},"_links":{"self":[{"href":"https:\/\/bgts.com\/tr\/wp-json\/wp\/v2\/pages\/18297","targetHints":{"allow":["GET"]}}],"collection":[{"href":"https:\/\/bgts.com\/tr\/wp-json\/wp\/v2\/pages"}],"about":[{"href":"https:\/\/bgts.com\/tr\/wp-json\/wp\/v2\/types\/page"}],"author":[{"embeddable":true,"href":"https:\/\/bgts.com\/tr\/wp-json\/wp\/v2\/users\/1"}],"replies":[{"embeddable":true,"href":"https:\/\/bgts.com\/tr\/wp-json\/wp\/v2\/comments?post=18297"}],"version-history":[{"count":7,"href":"https:\/\/bgts.com\/tr\/wp-json\/wp\/v2\/pages\/18297\/revisions"}],"predecessor-version":[{"id":24766,"href":"https:\/\/bgts.com\/tr\/wp-json\/wp\/v2\/pages\/18297\/revisions\/24766"}],"wp:featuredmedia":[{"embeddable":true,"href":"https:\/\/bgts.com\/tr\/wp-json\/wp\/v2\/media\/17261"}],"wp:attachment":[{"href":"https:\/\/bgts.com\/tr\/wp-json\/wp\/v2\/media?parent=18297"}],"curies":[{"name":"wp","href":"https:\/\/api.w.org\/{rel}","templated":true}]}}