{"id":21050,"date":"2025-07-31T07:55:58","date_gmt":"2025-07-31T07:55:58","guid":{"rendered":"https:\/\/bgts.com\/?page_id=21050"},"modified":"2026-04-08T07:08:00","modified_gmt":"2026-04-08T07:08:00","slug":"kvkk-hakkinda-bilgilendirme","status":"publish","type":"page","link":"https:\/\/bgts.com\/tr\/kvkk-hakkinda-bilgilendirme\/","title":{"rendered":"KVKK Hakk\u0131nda Bilgilendirme"},"content":{"rendered":"\t\t<div data-elementor-type=\"wp-page\" data-elementor-id=\"21050\" class=\"elementor elementor-21050\" data-elementor-post-type=\"page\">\n\t\t\t\t<div class=\"elementor-element elementor-element-212b255c e-flex e-con-boxed e-con e-parent\" data-id=\"212b255c\" data-element_type=\"container\" data-e-type=\"container\" data-settings=\"{&quot;jet_parallax_layout_list&quot;:[]}\">\n\t\t\t\t\t<div class=\"e-con-inner\">\n\t\t\t\t<div class=\"elementor-element elementor-element-73ea691c elementor-widget elementor-widget-text-editor\" data-id=\"73ea691c\" data-element_type=\"widget\" data-e-type=\"widget\" data-widget_type=\"text-editor.default\">\n\t\t\t\t<div class=\"elementor-widget-container\">\n\t\t\t\t\t\t\t\t\t<h3><strong>BGTS <\/strong><strong>Kurumsal M\u00fc\u015fteri \u00c7al\u0131\u015fan\u0131\/Temsilcisi Ayd\u0131nlatma Metni<\/strong><\/h3>\nBGTS Teknoloji ve Yaz\u0131l\u0131m A.\u015e. (\u201cBGTS\u201d, Re\u015fitpa\u015fa Mah. Katar Cad. \u0130T\u00dc Teknokent Ar\u0131 3 No:4 B3 Sar\u0131yer \/ \u0130STANBUL \/\u0130stanbul) olarak, hizmet verdi\u011fimiz veya potansiyel olarak hizmet verebilece\u011fimiz hizmetlerimizin y\u00fcr\u00fct\u00fclmesi i\u00e7in ki\u015fisel verilerinizi veri sorumlusu s\u0131fat\u0131yla 6698 say\u0131l\u0131 Ki\u015fisel Verilerin Korunmas\u0131 Kanunu ba\u015fta olmak \u00fczere, y\u00fcr\u00fcrl\u00fckte bulunan ilgili mevzuat h\u00fck\u00fcmlerine\u00a0uygun olarak ve a\u015fa\u011f\u0131da a\u00e7\u0131klanan kapsamda i\u015fliyoruz.\n<h5>1.Hangi Ki\u015fisel Verilerinizi Topluyoruz ve \u0130\u015fliyoruz?<\/h5>\n<h5>2.Ki\u015fisel Verilerinizi Hangi Ama\u00e7la ve Hukuki Sebeple \u0130\u015fliyoruz?<\/h5>\nToplanan ki\u015fisel verileriniz, KVKK\u2019da \u00f6ng\u00f6r\u00fclen temel ilkelere uygun olarak\n\n&#8211; Kanunlarda a\u00e7\u0131k\u00e7a \u00f6ng\u00f6r\u00fclmesi\n\n&#8211; Bir s\u00f6zle\u015fmenin kurulmas\u0131 veya ifas\u0131yla do\u011frudan do\u011fruya ilgili olmas\u0131 kayd\u0131yla, s\u00f6zle\u015fmenin taraflar\u0131na ait ki\u015fisel verilerin i\u015flenmesinin gerekli olmas\u0131\n\n&#8211; Veri sorumlusunun hukuki y\u00fck\u00fcml\u00fcl\u00fc\u011f\u00fcn\u00fc yerine getirebilmesi i\u00e7in zorunlu olmas\u0131\n\n&#8211; Bir hakk\u0131n tesisi, kullan\u0131lmas\u0131 veya korunmas\u0131 i\u00e7in veri i\u015flemenin zorunlu olmas\u0131\n\nhallerinden birinin veya bir ka\u00e7\u0131n\u0131n varl\u0131\u011f\u0131 halinde ve a\u015fa\u011f\u0131daki ama\u00e7larla i\u015flenebilecektir.\n<table>\n<tbody>\n<tr>\n<td width=\"604\"><strong>Ki\u015fisel Veri \u0130\u015fleme Ama\u00e7lar\u0131<\/strong><\/td>\n<\/tr>\n<tr>\n<td width=\"604\">&nbsp;\n\n&#8211;\u00a0\u00a0\u00a0\u00a0\u00a0\u00a0 Hizmetin y\u00fcr\u00fct\u00fclmesi\n\n&#8211;\u00a0\u00a0\u00a0\u00a0\u00a0\u00a0 \u0130\u015f geli\u015ftirme s\u00fcre\u00e7lerinin planlanmas\u0131, y\u00f6netimi ve y\u00fcr\u00fct\u00fclmesi\n\n&#8211;\u00a0\u00a0\u00a0\u00a0\u00a0\u00a0 Kurumsal \u015firketlere verilen hizmetlerin y\u00fcr\u00fct\u00fclmesi\n\n&#8211;\u00a0\u00a0\u00a0\u00a0\u00a0\u00a0 M\u00fc\u015fteri memnuniyeti s\u00fcre\u00e7lerinin y\u00fcr\u00fct\u00fclmesi\n\n&#8211;\u00a0\u00a0\u00a0\u00a0\u00a0\u00a0 Hizmetlerle ilgili tan\u0131t\u0131m, bilgilendirme ve pazarlama faaliyetlerinin y\u00fcr\u00fct\u00fclmesi\n\n&#8211;\u00a0\u00a0\u00a0\u00a0\u00a0\u00a0 Hukuki s\u00fcre\u00e7lerin y\u00fcr\u00fct\u00fclmesi\n\n&#8211;\u00a0\u00a0\u00a0\u00a0\u00a0\u00a0 Kamu kurum ve kurulu\u015flar\u0131na gerekti\u011finde bilgi verilmesi\n\n&nbsp;<\/td>\n<\/tr>\n<\/tbody>\n<\/table>\n&nbsp;\n<h5>3. Ki\u015fisel Verilerinizi Hangi Y\u00f6ntemle Topluyoruz?<\/h5>\nKi\u015fisel verileriniz, <strong>\u015firketimiz <\/strong>taraf\u0131ndan yukar\u0131da s\u0131ralanan ama\u00e7lar kapsam\u0131nda, elektronik ve fiziksel formlar, e-posta, canl\u0131 sohbet ve whatsapp arac\u0131l\u0131\u011f\u0131yla t<strong>oplanmakta<\/strong> ve i\u015flenmektedir.\n<h5>4. Ki\u015fisel Verilerinizi Kimlere ve Hangi Ama\u00e7larla Aktar\u0131yoruz?<\/h5>\nKi\u015fisel verileriniz yukar\u0131da a\u00e7\u0131klam\u0131\u015f oldu\u011fumuz faaliyetler kapsam\u0131nda ve ama\u00e7larla s\u0131n\u0131rl\u0131 olmak \u00fczere\n<ul>\n \t<li>Mevzuat gere\u011fi bu verileri talep etmeye yetkili olan kamu kurum veya kurulu\u015flar\u0131na<\/li>\n \t<li>Teknoloji alan\u0131ndaki altyap\u0131 tedarik\u00e7ilerimiz taraf\u0131ndan sa\u011flanan sistemlerimize<\/li>\n \t<li>Hizmetlerin y\u00fcr\u00fct\u00fclmesi i\u00e7in bize destek olan i\u015f ortaklar\u0131m\u0131za<\/li>\n \t<li>Yetkili kamu kurum ve kurulu\u015flar\u0131na<\/li>\n<\/ul>\naktar\u0131labilecektir.\n<h5>5. Ki\u015fisel Verilerinizi Ne Kadar S\u00fcre \u0130le Sakl\u0131yoruz?<\/h5>\nKi\u015fisel verileriniz, BGTS Veri Saklama ve \u0130mha Prosed\u00fcr\u00fcne uygun olarak saklanmakta ve saklanma s\u00fcrelerinin sonunda silinmekte veya imha edilmektedir.\n<h5>6. \u0130lgili Ki\u015fi Olarak KVKK\u2019nun 11. Maddesinde Say\u0131lan Haklar\u0131n\u0131z Nelerdir ?<\/h5>\nKi\u015fisel veri sahibi olarak KVKK\u2019n\u0131n 11. maddesi uyar\u0131nca a\u015fa\u011f\u0131daki haklara sahip oldu\u011funuzu bildiririz:\n<ul>\n \t<li>Ki\u015fisel verilerinizin i\u015flenip i\u015flenmedi\u011fini \u00f6\u011frenme,<\/li>\n \t<li>Ki\u015fisel verileriniz i\u015flenmi\u015fse buna ili\u015fkin bilgi talep etme,<\/li>\n \t<li>Ki\u015fisel verilerinizin i\u015flenme amac\u0131n\u0131 ve bunlar\u0131n amac\u0131na uygun kullan\u0131l\u0131p kullan\u0131lmad\u0131\u011f\u0131n\u0131 \u00f6\u011frenme,<\/li>\n \t<li>Yurt i\u00e7inde veya yurt d\u0131\u015f\u0131nda ki\u015fisel verilerinizin aktar\u0131ld\u0131\u011f\u0131 \u00fc\u00e7\u00fcnc\u00fc ki\u015fileri bilme,<\/li>\n \t<li>Ki\u015fisel verilerinizin eksik veya yanl\u0131\u015f i\u015flenmi\u015f olmas\u0131 h\u00e2linde bunlar\u0131n d\u00fczeltilmesini isteme ve bu kapsamda yap\u0131lan i\u015flemin ki\u015fisel verilerinizin aktar\u0131ld\u0131\u011f\u0131 \u00fc\u00e7\u00fcnc\u00fc ki\u015filere bildirilmesini isteme,<\/li>\n \t<li>KVKK\u2019ya ve ilgili di\u011fer kanun h\u00fck\u00fcmlerine uygun olarak i\u015flenmi\u015f olmas\u0131na ra\u011fmen, i\u015flenmesini gerektiren sebeplerin ortadan kalkmas\u0131 h\u00e2linde ki\u015fisel verilerin silinmesini veya yok edilmesini isteme ve bu kapsamda yap\u0131lan i\u015flemin ki\u015fisel verilerinizin aktar\u0131ld\u0131\u011f\u0131 \u00fc\u00e7\u00fcnc\u00fc ki\u015filere bildirilmesini isteme,<\/li>\n \t<li>\u0130\u015flenen verilerin m\u00fcnhas\u0131ran otomatik sistemler vas\u0131tas\u0131yla analiz edilmesi suretiyle aleyhinize bir sonucun ortaya \u00e7\u0131kmas\u0131 durumunda buna itiraz etme,<\/li>\n \t<li>Ki\u015fisel verilerinizin kanuna ayk\u0131r\u0131 olarak i\u015flenmesi sebebiyle zarara u\u011framan\u0131z h\u00e2linde zarar\u0131n giderilmesini talep etme.<\/li>\n<\/ul>\nS\u00f6z konusu haklar\u0131n\u0131z\u0131 kullanmak istedi\u011finiz hallerde, ba\u015fvurular\u0131n\u0131z\u0131, <a style =\"text-decoration:underline;\" href=\"https:\/\/bgts.com\/assets\/brand-guide\/KVKK-BilgiBasvuruFormu.pdf\" target=\"_blank\">BGTS KVK Ba\u015fvuru Formu<\/a> ile,\n<ul>\n \t<li>Kimlik bilgileri ile Re\u015fitpa\u015fa Mah. Katar Cad. Teknokent Ar\u0131 3 No:4 B3 Sar\u0131yer\/\u0130STANBUL (\u0130.T.\u00dc. Ayaza\u011fa Kamp\u00fcs\u00fc) adresine g\u00f6ndererek,<\/li>\n \t<li>Kay\u0131tl\u0131 elektronik posta (KEP) adresi ve g\u00fcvenli elektronik imza ya da mobil imza kullanmak suretiyle [<a href=\"mailto:bgtsteknoloji@hs01.kep.tr\">bgtsteknoloji@hs01.kep.tr<\/a> ] kay\u0131tl\u0131 elektronik posta adresimize g\u00f6ndererek,<\/li>\n<\/ul>\nBGTS\u2019e iletebilirsiniz. Talebinizin niteli\u011fine g\u00f6re en k\u0131sa s\u00fcrede ve en ge\u00e7 otuz g\u00fcn i\u00e7inde ba\u015fvurular\u0131n\u0131z sonu\u00e7land\u0131r\u0131lacakt\u0131r.\n\n<strong>Ayd\u0131nlatma Metninde Ger\u00e7ekle\u015fecek De\u011fi\u015fiklikler<\/strong>\n\nBu ayd\u0131nlatma metni zaman zaman <strong>BGTS<\/strong> taraf\u0131ndan g\u00fcncellenebilir. Ayd\u0131nlatma metninde \u00f6nemli bir de\u011fi\u015fiklik yapt\u0131\u011f\u0131m\u0131z takdirde sizlere e-posta veya di\u011fer yollarla gerekli bilgilendirmeler yap\u0131lacakt\u0131r. 20.3.2025\n\n&nbsp;\n\n&nbsp;\t\t\t\t\t\t\t\t<\/div>\n\t\t\t\t<\/div>\n\t\t\t\t\t<\/div>\n\t\t\t\t<\/div>\n\t\t\t\t<\/div>\n\t\t","protected":false},"excerpt":{"rendered":"<p>BGTS Kurumsal M\u00fc\u015fteri \u00c7al\u0131\u015fan\u0131\/Temsilcisi Ayd\u0131nlatma Metni BGTS Teknoloji ve Yaz\u0131l\u0131m A.\u015e. (\u201cBGTS\u201d, Re\u015fitpa\u015fa Mah. Katar Cad. \u0130T\u00dc Teknokent Ar\u0131 3 No:4 B3 Sar\u0131yer \/ \u0130STANBUL \/\u0130stanbul) olarak, hizmet verdi\u011fimiz veya potansiyel olarak hizmet verebilece\u011fimiz hizmetlerimizin y\u00fcr\u00fct\u00fclmesi i\u00e7in ki\u015fisel verilerinizi veri sorumlusu s\u0131fat\u0131yla 6698 say\u0131l\u0131 Ki\u015fisel Verilerin Korunmas\u0131 Kanunu ba\u015fta olmak \u00fczere, y\u00fcr\u00fcrl\u00fckte bulunan ilgili mevzuat [&hellip;]<\/p>\n","protected":false},"author":1,"featured_media":0,"parent":0,"menu_order":0,"comment_status":"closed","ping_status":"closed","template":"page-full-width-tr.php","meta":{"footnotes":""},"class_list":["post-21050","page","type-page","status-publish","hentry"],"yoast_head":"<!-- This site is optimized with the Yoast SEO Premium plugin v26.9 (Yoast SEO v27.4) - https:\/\/yoast.com\/product\/yoast-seo-premium-wordpress\/ -->\n<title>KVKK Hakk\u0131nda Bilgilendirme - BGTS<\/title>\n<meta name=\"robots\" content=\"index, follow, max-snippet:-1, max-image-preview:large, max-video-preview:-1\" \/>\n<link rel=\"canonical\" href=\"https:\/\/bgts.com\/tr\/kvkk-hakkinda-bilgilendirme\/\" \/>\n<meta property=\"og:locale\" content=\"tr_TR\" \/>\n<meta property=\"og:type\" content=\"article\" \/>\n<meta property=\"og:title\" content=\"KVKK Hakk\u0131nda Bilgilendirme\" \/>\n<meta property=\"og:description\" content=\"BGTS Kurumsal M\u00fc\u015fteri \u00c7al\u0131\u015fan\u0131\/Temsilcisi Ayd\u0131nlatma Metni BGTS Teknoloji ve Yaz\u0131l\u0131m A.\u015e. (\u201cBGTS\u201d, Re\u015fitpa\u015fa Mah. Katar Cad. \u0130T\u00dc Teknokent Ar\u0131 3 No:4 B3 Sar\u0131yer \/ \u0130STANBUL \/\u0130stanbul) olarak, hizmet verdi\u011fimiz veya potansiyel olarak hizmet verebilece\u011fimiz hizmetlerimizin y\u00fcr\u00fct\u00fclmesi i\u00e7in ki\u015fisel verilerinizi veri sorumlusu s\u0131fat\u0131yla 6698 say\u0131l\u0131 Ki\u015fisel Verilerin Korunmas\u0131 Kanunu ba\u015fta olmak \u00fczere, y\u00fcr\u00fcrl\u00fckte bulunan ilgili mevzuat [&hellip;]\" \/>\n<meta property=\"og:url\" content=\"https:\/\/bgts.com\/tr\/kvkk-hakkinda-bilgilendirme\/\" \/>\n<meta property=\"og:site_name\" content=\"BGTS\" \/>\n<meta property=\"article:modified_time\" content=\"2026-04-08T07:08:00+00:00\" \/>\n<meta name=\"twitter:card\" content=\"summary_large_image\" \/>\n<meta name=\"twitter:label1\" content=\"Tahmini okuma s\u00fcresi\" \/>\n\t<meta name=\"twitter:data1\" content=\"4 dakika\" \/>\n<script type=\"application\/ld+json\" class=\"yoast-schema-graph\">{\"@context\":\"https:\\\/\\\/schema.org\",\"@graph\":[{\"@type\":\"WebPage\",\"@id\":\"https:\\\/\\\/bgts.com\\\/tr\\\/kvkk-hakkinda-bilgilendirme\\\/\",\"url\":\"https:\\\/\\\/bgts.com\\\/tr\\\/kvkk-hakkinda-bilgilendirme\\\/\",\"name\":\"KVKK Hakk\u0131nda Bilgilendirme - BGTS\",\"isPartOf\":{\"@id\":\"https:\\\/\\\/bgts.com\\\/#website\"},\"datePublished\":\"2025-07-31T07:55:58+00:00\",\"dateModified\":\"2026-04-08T07:08:00+00:00\",\"breadcrumb\":{\"@id\":\"https:\\\/\\\/bgts.com\\\/tr\\\/kvkk-hakkinda-bilgilendirme\\\/#breadcrumb\"},\"inLanguage\":\"tr\",\"potentialAction\":[{\"@type\":\"ReadAction\",\"target\":[\"https:\\\/\\\/bgts.com\\\/tr\\\/kvkk-hakkinda-bilgilendirme\\\/\"]}]},{\"@type\":\"BreadcrumbList\",\"@id\":\"https:\\\/\\\/bgts.com\\\/tr\\\/kvkk-hakkinda-bilgilendirme\\\/#breadcrumb\",\"itemListElement\":[{\"@type\":\"ListItem\",\"position\":1,\"name\":\"Anasayfa\",\"item\":\"https:\\\/\\\/bgts.com\\\/\"},{\"@type\":\"ListItem\",\"position\":2,\"name\":\"KVKK Hakk\u0131nda Bilgilendirme\"}]},{\"@type\":\"WebSite\",\"@id\":\"https:\\\/\\\/bgts.com\\\/#website\",\"url\":\"https:\\\/\\\/bgts.com\\\/\",\"name\":\"BGTS\",\"description\":\"Technology Solutions with Expert Engineering\",\"publisher\":{\"@id\":\"https:\\\/\\\/bgts.com\\\/#organization\"},\"potentialAction\":[{\"@type\":\"SearchAction\",\"target\":{\"@type\":\"EntryPoint\",\"urlTemplate\":\"https:\\\/\\\/bgts.com\\\/?s={search_term_string}\"},\"query-input\":{\"@type\":\"PropertyValueSpecification\",\"valueRequired\":true,\"valueName\":\"search_term_string\"}}],\"inLanguage\":\"tr\"},{\"@type\":\"Organization\",\"@id\":\"https:\\\/\\\/bgts.com\\\/#organization\",\"name\":\"BGTS\",\"alternateName\":\"Bilgeadam Technologies\",\"url\":\"https:\\\/\\\/bgts.com\\\/\",\"logo\":{\"@type\":\"ImageObject\",\"inLanguage\":\"tr\",\"@id\":\"https:\\\/\\\/bgts.com\\\/#\\\/schema\\\/logo\\\/image\\\/\",\"url\":\"https:\\\/\\\/bgts.com\\\/wp-content\\\/uploads\\\/2025\\\/03\\\/BGTS_wText_colour-reversed_RGB.png\",\"contentUrl\":\"https:\\\/\\\/bgts.com\\\/wp-content\\\/uploads\\\/2025\\\/03\\\/BGTS_wText_colour-reversed_RGB.png\",\"width\":1143,\"height\":358,\"caption\":\"BGTS\"},\"image\":{\"@id\":\"https:\\\/\\\/bgts.com\\\/#\\\/schema\\\/logo\\\/image\\\/\"},\"sameAs\":[\"https:\\\/\\\/www.linkedin.com\\\/company\\\/bilge-adam-technologies\\\/\"],\"description\":\"With 25+ years of experience and 1,800+ IT experts, BGTS offers innovative IT services, nearshore development, and consultancy to global markets, including the UK, Netherlands, and Germany.\",\"email\":\"info-uk@bgts.com\",\"foundingDate\":\"1997-08-15\",\"numberOfEmployees\":{\"@type\":\"QuantitativeValue\",\"minValue\":\"201\",\"maxValue\":\"500\"}}]}<\/script>\n<!-- \/ Yoast SEO Premium plugin. -->","yoast_head_json":{"title":"KVKK Hakk\u0131nda Bilgilendirme - BGTS","robots":{"index":"index","follow":"follow","max-snippet":"max-snippet:-1","max-image-preview":"max-image-preview:large","max-video-preview":"max-video-preview:-1"},"canonical":"https:\/\/bgts.com\/tr\/kvkk-hakkinda-bilgilendirme\/","og_locale":"tr_TR","og_type":"article","og_title":"KVKK Hakk\u0131nda Bilgilendirme","og_description":"BGTS Kurumsal M\u00fc\u015fteri \u00c7al\u0131\u015fan\u0131\/Temsilcisi Ayd\u0131nlatma Metni BGTS Teknoloji ve Yaz\u0131l\u0131m A.\u015e. (\u201cBGTS\u201d, Re\u015fitpa\u015fa Mah. Katar Cad. \u0130T\u00dc Teknokent Ar\u0131 3 No:4 B3 Sar\u0131yer \/ \u0130STANBUL \/\u0130stanbul) olarak, hizmet verdi\u011fimiz veya potansiyel olarak hizmet verebilece\u011fimiz hizmetlerimizin y\u00fcr\u00fct\u00fclmesi i\u00e7in ki\u015fisel verilerinizi veri sorumlusu s\u0131fat\u0131yla 6698 say\u0131l\u0131 Ki\u015fisel Verilerin Korunmas\u0131 Kanunu ba\u015fta olmak \u00fczere, y\u00fcr\u00fcrl\u00fckte bulunan ilgili mevzuat [&hellip;]","og_url":"https:\/\/bgts.com\/tr\/kvkk-hakkinda-bilgilendirme\/","og_site_name":"BGTS","article_modified_time":"2026-04-08T07:08:00+00:00","twitter_card":"summary_large_image","twitter_misc":{"Tahmini okuma s\u00fcresi":"4 dakika"},"schema":{"@context":"https:\/\/schema.org","@graph":[{"@type":"WebPage","@id":"https:\/\/bgts.com\/tr\/kvkk-hakkinda-bilgilendirme\/","url":"https:\/\/bgts.com\/tr\/kvkk-hakkinda-bilgilendirme\/","name":"KVKK Hakk\u0131nda Bilgilendirme - BGTS","isPartOf":{"@id":"https:\/\/bgts.com\/#website"},"datePublished":"2025-07-31T07:55:58+00:00","dateModified":"2026-04-08T07:08:00+00:00","breadcrumb":{"@id":"https:\/\/bgts.com\/tr\/kvkk-hakkinda-bilgilendirme\/#breadcrumb"},"inLanguage":"tr","potentialAction":[{"@type":"ReadAction","target":["https:\/\/bgts.com\/tr\/kvkk-hakkinda-bilgilendirme\/"]}]},{"@type":"BreadcrumbList","@id":"https:\/\/bgts.com\/tr\/kvkk-hakkinda-bilgilendirme\/#breadcrumb","itemListElement":[{"@type":"ListItem","position":1,"name":"Anasayfa","item":"https:\/\/bgts.com\/"},{"@type":"ListItem","position":2,"name":"KVKK Hakk\u0131nda Bilgilendirme"}]},{"@type":"WebSite","@id":"https:\/\/bgts.com\/#website","url":"https:\/\/bgts.com\/","name":"BGTS","description":"Technology Solutions with Expert Engineering","publisher":{"@id":"https:\/\/bgts.com\/#organization"},"potentialAction":[{"@type":"SearchAction","target":{"@type":"EntryPoint","urlTemplate":"https:\/\/bgts.com\/?s={search_term_string}"},"query-input":{"@type":"PropertyValueSpecification","valueRequired":true,"valueName":"search_term_string"}}],"inLanguage":"tr"},{"@type":"Organization","@id":"https:\/\/bgts.com\/#organization","name":"BGTS","alternateName":"Bilgeadam Technologies","url":"https:\/\/bgts.com\/","logo":{"@type":"ImageObject","inLanguage":"tr","@id":"https:\/\/bgts.com\/#\/schema\/logo\/image\/","url":"https:\/\/bgts.com\/wp-content\/uploads\/2025\/03\/BGTS_wText_colour-reversed_RGB.png","contentUrl":"https:\/\/bgts.com\/wp-content\/uploads\/2025\/03\/BGTS_wText_colour-reversed_RGB.png","width":1143,"height":358,"caption":"BGTS"},"image":{"@id":"https:\/\/bgts.com\/#\/schema\/logo\/image\/"},"sameAs":["https:\/\/www.linkedin.com\/company\/bilge-adam-technologies\/"],"description":"With 25+ years of experience and 1,800+ IT experts, BGTS offers innovative IT services, nearshore development, and consultancy to global markets, including the UK, Netherlands, and Germany.","email":"info-uk@bgts.com","foundingDate":"1997-08-15","numberOfEmployees":{"@type":"QuantitativeValue","minValue":"201","maxValue":"500"}}]}},"_links":{"self":[{"href":"https:\/\/bgts.com\/tr\/wp-json\/wp\/v2\/pages\/21050","targetHints":{"allow":["GET"]}}],"collection":[{"href":"https:\/\/bgts.com\/tr\/wp-json\/wp\/v2\/pages"}],"about":[{"href":"https:\/\/bgts.com\/tr\/wp-json\/wp\/v2\/types\/page"}],"author":[{"embeddable":true,"href":"https:\/\/bgts.com\/tr\/wp-json\/wp\/v2\/users\/1"}],"replies":[{"embeddable":true,"href":"https:\/\/bgts.com\/tr\/wp-json\/wp\/v2\/comments?post=21050"}],"version-history":[{"count":13,"href":"https:\/\/bgts.com\/tr\/wp-json\/wp\/v2\/pages\/21050\/revisions"}],"predecessor-version":[{"id":25203,"href":"https:\/\/bgts.com\/tr\/wp-json\/wp\/v2\/pages\/21050\/revisions\/25203"}],"wp:attachment":[{"href":"https:\/\/bgts.com\/tr\/wp-json\/wp\/v2\/media?parent=21050"}],"curies":[{"name":"wp","href":"https:\/\/api.w.org\/{rel}","templated":true}]}}